{"id":215,"date":"2023-09-18T21:15:56","date_gmt":"2023-09-18T19:15:56","guid":{"rendered":"https:\/\/esc-buildinggroup.com\/?page_id=215"},"modified":"2025-02-21T14:23:43","modified_gmt":"2025-02-21T13:23:43","slug":"imprint-2","status":"publish","type":"page","link":"https:\/\/esc-buildinggroup.com\/en\/imprint-2\/","title":{"rendered":"Imprint"},"content":{"rendered":"<div data-elementor-type=\"wp-page\" data-elementor-id=\"215\" class=\"elementor elementor-215\" data-elementor-post-type=\"page\">\n\t\t\t\t<section class=\"elementor-element elementor-element-9137430 e-flex e-con-boxed e-con e-parent\" data-id=\"9137430\" data-element_type=\"container\" data-settings=\"{&quot;background_background&quot;:&quot;video&quot;,&quot;background_video_link&quot;:&quot;https:\\\/\\\/esc-buildinggroup.com\\\/wp-content\\\/uploads\\\/hero-vid-01.mp4&quot;,&quot;shape_divider_bottom&quot;:&quot;triangle-asymmetrical&quot;,&quot;shape_divider_bottom_negative&quot;:&quot;yes&quot;,&quot;background_play_on_mobile&quot;:&quot;yes&quot;}\">\n\t\t\t\t\t<div class=\"e-con-inner\">\n\t\t<div class=\"elementor-background-video-container\" aria-hidden=\"true\">\n\t\t\t\t\t\t\t<video class=\"elementor-background-video-hosted\" autoplay muted playsinline loop><\/video>\n\t\t\t\t\t<\/div>\t\t<div class=\"elementor-shape elementor-shape-bottom\" aria-hidden=\"true\" data-negative=\"true\">\n\t\t\t<svg xmlns=\"http:\/\/www.w3.org\/2000\/svg\" viewbox=\"0 0 1000 100\" preserveaspectratio=\"none\">\n\t<path class=\"elementor-shape-fill\" d=\"M737.9,94.7L0,0v100h1000V0L737.9,94.7z\"\/>\n<\/svg>\t\t<\/div>\n\t\t<div class=\"elementor-element elementor-element-fba2b88 e-flex e-con-boxed e-con e-child\" data-id=\"fba2b88\" data-element_type=\"container\">\n\t\t\t\t\t<div class=\"e-con-inner\">\n\t\t\t\t<div class=\"elementor-element elementor-element-ea67fbd elementor-invisible elementor-widget elementor-widget-heading\" data-id=\"ea67fbd\" data-element_type=\"widget\" data-settings=\"{&quot;_animation&quot;:&quot;fadeInLeft&quot;}\" data-widget_type=\"heading.default\">\n\t\t\t\t<div class=\"elementor-widget-container\">\n\t\t\t\t\t<h2 class=\"elementor-heading-title elementor-size-default\">Imprint<\/h2>\t\t\t\t<\/div>\n\t\t\t\t<\/div>\n\t\t\t\t<div class=\"elementor-element elementor-element-ad904fd elementor-widget-divider--view-line elementor-invisible elementor-widget elementor-widget-divider\" data-id=\"ad904fd\" data-element_type=\"widget\" data-settings=\"{&quot;_animation&quot;:&quot;fadeInLeft&quot;,&quot;_animation_delay&quot;:400}\" data-widget_type=\"divider.default\">\n\t\t\t\t<div class=\"elementor-widget-container\">\n\t\t\t\t\t\t\t<div class=\"elementor-divider\">\n\t\t\t<span class=\"elementor-divider-separator\">\n\t\t\t\t\t\t<\/span>\n\t\t<\/div>\n\t\t\t\t\t\t<\/div>\n\t\t\t\t<\/div>\n\t\t\t\t\t<\/div>\n\t\t\t\t<\/div>\n\t\t\t\t\t<\/div>\n\t\t\t\t<\/section>\n\t\t<div class=\"elementor-element elementor-element-37f6ba3 e-flex e-con-boxed e-con e-parent\" data-id=\"37f6ba3\" data-element_type=\"container\">\n\t\t\t\t\t<div class=\"e-con-inner\">\n\t\t\t\t<div class=\"elementor-element elementor-element-36a58ce elementor-widget elementor-widget-text-editor\" data-id=\"36a58ce\" data-element_type=\"widget\" data-widget_type=\"text-editor.default\">\n\t\t\t\t<div class=\"elementor-widget-container\">\n\t\t\t\t\t\t\t\t\t<h5><b>Responsible for content in accordance with Section 18 Paragraph 2 MStV<\/b><\/h5><p><strong>ESC Building GmbH<\/strong><\/p><p>August-Horch-Stra\u00dfe 1,<\/p><p>19061 Schwerin<\/p><p><span style=\"color: var( --e-global-color-text ); font-family: var( --e-global-typography-text-font-family ), Sans-serif; font-size: var( --e-global-typography-text-font-size ); font-weight: var( --e-global-typography-text-font-weight ); letter-spacing: var( --e-global-typography-text-letter-spacing ); text-align: var(--text-align);\">Germany<\/span><\/p><p>info@esc-buildinggroup.com<br \/>+49 5882 244864<\/p><p><b>Managing directors:<\/b> Eduard Schaumlefel<\/p><p><b>Company registration number:<\/b> HRB 15093<br \/><b>Registration court:<\/b> District Court 19053 Schwerin<\/p><p><b>Tax ID:<\/b> In Progress<\/p><h5><b>Responsible for the content:<\/b><\/h5><p>ESC Building Group GmbH | August-Horch-Stra\u00dfe 1, 19061 Schwerin<\/p><h5><strong>Concept, design and realization by:<\/strong><\/h5><p>Image Digital<br \/>Schlossstrasse 1<br \/>19067 Leezen<\/p><p>E-mail: <a href=\"mailto:info@image-digital.de\"><span style=\"color: #afca0b;\">info@image-digital.de<\/span><\/a><br \/>Web: <span style=\"color: #afca0b;\"><a style=\"color: #afca0b;\" href=\"https:\/\/www.image-digital.de\" target=\"_blank\" rel=\"noopener\">www.image-digital.de<\/a><\/span><\/p><h5><strong>Photo credit<\/strong><\/h5><p>Image Digital<br \/>Schlossstrasse 1<br \/>19067 Leezen<\/p><p>E-mail: <a href=\"mailto:info@image-digital.de\"><span style=\"color: #afca0b;\">info@image-digital.de<\/span><\/a><br \/>Web: <span style=\"color: #afca0b;\"><a style=\"color: #afca0b;\" href=\"https:\/\/www.image-digital.de\" target=\"_blank\" rel=\"noopener\">www.image-digital.de<\/a><\/span><\/p><p>\u00a9 ESC Building Group<br \/>\u00a9 freepik<\/p><h5><strong>EU dispute resolution<\/strong><\/h5><p>The European Commission provides a platform for online dispute resolution (OS):<br \/>https:\/\/ec.europa.eu\/consumers\/odr.<br \/>You can find our email address in the legal notice above.<\/p><h5><strong>Consumer dispute resolution\/universal arbitration board<\/strong><\/h5><p>We are not willing or obliged to participate in dispute resolution proceedings before a<br \/>to participate in the consumer arbitration board.<\/p><h4><strong>Disclaimer<\/strong><\/h4><h5><strong>Liability for content<\/strong><\/h5><p>The contents of our pages were created with great care. However, we cannot guarantee that the content is correct, complete or up-to-date. As a service provider, we are responsible for our own content on these pages in accordance with general laws in accordance with Section 7 Paragraph 1 TMG. However, according to Sections 8 to 10 TMG, as a service provider we are not obliged to monitor transmitted or stored third-party information or to investigate circumstances that indicate illegal activity. Obligations to remove or block the use of information in accordance with general law remain unaffected. However, liability in this regard is only possible from the time of knowledge of a specific legal violation. If we become aware of any corresponding legal violations, we will immediately remove this content.<\/p><h5><strong>Liability for links<\/strong><\/h5><p>Our offer contains links to external third-party websites over whose content we have no influence. We therefore cannot assume any liability for this external content. The respective provider or operator of the pages is always responsible for the content of the linked pages. The linked pages were checked for possible legal violations at the time of linking. Illegal content was not apparent at the time of linking. However, permanent control of the content of the linked pages is unreasonable without concrete evidence of a legal violation. If we become aware of any legal violations, we will immediately remove such links.<\/p><h5><strong>copyright<\/strong><\/h5><p>The content and works on these pages created or used by the site operators are subject to German copyright law. Reproduction, processing, distribution and any kind of exploitation outside the limits of copyright law require the consent of the respective author or creator. Downloads and copies of this page are only permitted for private, non-commercial use. If the content on this site was not created by the operator, the copyrights of third parties are respected. In particular contents of third parties are marked as such. Should you nevertheless become aware of a copyright infringement, we ask that you notify us accordingly. If we become aware of any legal violations, we will immediately remove such content.<\/p>\t\t\t\t\t\t\t\t<\/div>\n\t\t\t\t<\/div>\n\t\t\t\t\t<\/div>\n\t\t\t\t<\/div>\n\t\t\t\t<\/div>","protected":false},"excerpt":{"rendered":"<p>Imprint Responsible for content in accordance with Section 18 (2) MStV ESC Building GmbH August-Horch-Stra\u00dfe 1, 19061 Schwerin Germany info@esc-buildinggroup.com +49 5882 244864 Management: Eduard Schaumlefel Commercial register number: HRB 15093 Registration court: District Court 19053 Schwerin VAT ID: in process Responsible for content: ESC Building Group GmbH | August-Horch-Stra\u00dfe 1, 19061 Schwerin Concept, design and implementation by: Image Digital Schlossstra\u00dfe 119067 Leezen Email: [\u2026]<\/p>","protected":false},"author":1,"featured_media":0,"parent":0,"menu_order":99,"comment_status":"closed","ping_status":"closed","template":"","meta":{"_acf_changed":false,"footnotes":""},"class_list":["post-215","page","type-page","status-publish","hentry"],"acf":[],"yoast_head":"<!-- This site is optimized with the Yoast SEO plugin v26.6 - https:\/\/yoast.com\/wordpress\/plugins\/seo\/ -->\n<title>Impressum - ESC Bulding Group<\/title>\n<meta name=\"robots\" content=\"index, follow, max-snippet:-1, max-image-preview:large, max-video-preview:-1\" \/>\n<link rel=\"canonical\" href=\"https:\/\/esc-buildinggroup.com\/en\/imprint-2\/\" \/>\n<meta property=\"og:locale\" content=\"en_US\" \/>\n<meta property=\"og:type\" content=\"article\" \/>\n<meta property=\"og:title\" content=\"Impressum - ESC Bulding Group\" \/>\n<meta property=\"og:description\" content=\"Impressum Inhaltlich verantwortlich gem. \u00a7 18 Abs. 2 MStV ESC Building GmbH August-Horch-Stra\u00dfe 1, 19061 Schwerin Deutschland info@esc-buildinggroup.com+49 5882 244864 Gesch\u00e4ftsf\u00fchrung: Eduard Schaumlefel Handelsregisternummer: HRB 15093Registergericht: Amtsgericht 19053 Schwerin Umsatzsteuer-ID: in Bearbeitung Verantwortlich f\u00fcr den Inhalt: ESC Building Group GmbH | August-Horch-Stra\u00dfe 1, 19061 Schwerin Konzept, Design und Realisierung durch: Image DigitalSchlo\u00dfstra\u00dfe 119067 Leezen E-Mail: [&hellip;]\" \/>\n<meta property=\"og:url\" content=\"https:\/\/esc-buildinggroup.com\/en\/imprint-2\/\" \/>\n<meta property=\"og:site_name\" content=\"ESC Bulding Group\" \/>\n<meta property=\"article:modified_time\" content=\"2025-02-21T13:23:43+00:00\" \/>\n<meta name=\"twitter:card\" content=\"summary_large_image\" \/>\n<meta name=\"twitter:label1\" content=\"Est. reading time\" \/>\n\t<meta name=\"twitter:data1\" content=\"3 minutes\" \/>\n<script type=\"application\/ld+json\" class=\"yoast-schema-graph\">{\"@context\":\"https:\/\/schema.org\",\"@graph\":[{\"@type\":\"WebPage\",\"@id\":\"https:\/\/esc-buildinggroup.com\/impressum\/\",\"url\":\"https:\/\/esc-buildinggroup.com\/impressum\/\",\"name\":\"Impressum - ESC Bulding Group\",\"isPartOf\":{\"@id\":\"https:\/\/esc-buildinggroup.com\/#website\"},\"datePublished\":\"2023-09-18T19:15:56+00:00\",\"dateModified\":\"2025-02-21T13:23:43+00:00\",\"breadcrumb\":{\"@id\":\"https:\/\/esc-buildinggroup.com\/impressum\/#breadcrumb\"},\"inLanguage\":\"en-US\",\"potentialAction\":[{\"@type\":\"ReadAction\",\"target\":[\"https:\/\/esc-buildinggroup.com\/impressum\/\"]}]},{\"@type\":\"BreadcrumbList\",\"@id\":\"https:\/\/esc-buildinggroup.com\/impressum\/#breadcrumb\",\"itemListElement\":[{\"@type\":\"ListItem\",\"position\":1,\"name\":\"Startseite\",\"item\":\"https:\/\/esc-buildinggroup.com\/\"},{\"@type\":\"ListItem\",\"position\":2,\"name\":\"Impressum\"}]},{\"@type\":\"WebSite\",\"@id\":\"https:\/\/esc-buildinggroup.com\/#website\",\"url\":\"https:\/\/esc-buildinggroup.com\/\",\"name\":\"ESC Bulding Group\",\"description\":\"Economic Sustainable Cubes\",\"publisher\":{\"@id\":\"https:\/\/esc-buildinggroup.com\/#organization\"},\"potentialAction\":[{\"@type\":\"SearchAction\",\"target\":{\"@type\":\"EntryPoint\",\"urlTemplate\":\"https:\/\/esc-buildinggroup.com\/?s={search_term_string}\"},\"query-input\":{\"@type\":\"PropertyValueSpecification\",\"valueRequired\":true,\"valueName\":\"search_term_string\"}}],\"inLanguage\":\"en-US\"},{\"@type\":\"Organization\",\"@id\":\"https:\/\/esc-buildinggroup.com\/#organization\",\"name\":\"ESC Bulding Group\",\"url\":\"https:\/\/esc-buildinggroup.com\/\",\"logo\":{\"@type\":\"ImageObject\",\"inLanguage\":\"en-US\",\"@id\":\"https:\/\/esc-buildinggroup.com\/#\/schema\/logo\/image\/\",\"url\":\"https:\/\/esc-buildinggroup.com\/wp-content\/uploads\/esc-logo-neu.svg\",\"contentUrl\":\"https:\/\/esc-buildinggroup.com\/wp-content\/uploads\/esc-logo-neu.svg\",\"width\":71,\"height\":34,\"caption\":\"ESC Bulding Group\"},\"image\":{\"@id\":\"https:\/\/esc-buildinggroup.com\/#\/schema\/logo\/image\/\"}}]}<\/script>\n<!-- \/ Yoast SEO plugin. -->","yoast_head_json":{"title":"Imprint - ESC Bulding Group","robots":{"index":"index","follow":"follow","max-snippet":"max-snippet:-1","max-image-preview":"max-image-preview:large","max-video-preview":"max-video-preview:-1"},"canonical":"https:\/\/esc-buildinggroup.com\/en\/imprint-2\/","og_locale":"en_US","og_type":"article","og_title":"Impressum - ESC Bulding Group","og_description":"Impressum Inhaltlich verantwortlich gem. \u00a7 18 Abs. 2 MStV ESC Building GmbH August-Horch-Stra\u00dfe 1, 19061 Schwerin Deutschland info@esc-buildinggroup.com+49 5882 244864 Gesch\u00e4ftsf\u00fchrung: Eduard Schaumlefel Handelsregisternummer: HRB 15093Registergericht: Amtsgericht 19053 Schwerin Umsatzsteuer-ID: in Bearbeitung Verantwortlich f\u00fcr den Inhalt: ESC Building Group GmbH | August-Horch-Stra\u00dfe 1, 19061 Schwerin Konzept, Design und Realisierung durch: Image DigitalSchlo\u00dfstra\u00dfe 119067 Leezen E-Mail: [&hellip;]","og_url":"https:\/\/esc-buildinggroup.com\/en\/imprint-2\/","og_site_name":"ESC Bulding Group","article_modified_time":"2025-02-21T13:23:43+00:00","twitter_card":"summary_large_image","twitter_misc":{"Est. reading time":"3 minutes"},"schema":{"@context":"https:\/\/schema.org","@graph":[{"@type":"WebPage","@id":"https:\/\/esc-buildinggroup.com\/impressum\/","url":"https:\/\/esc-buildinggroup.com\/impressum\/","name":"Imprint - ESC Bulding Group","isPartOf":{"@id":"https:\/\/esc-buildinggroup.com\/#website"},"datePublished":"2023-09-18T19:15:56+00:00","dateModified":"2025-02-21T13:23:43+00:00","breadcrumb":{"@id":"https:\/\/esc-buildinggroup.com\/impressum\/#breadcrumb"},"inLanguage":"en-US","potentialAction":[{"@type":"ReadAction","target":["https:\/\/esc-buildinggroup.com\/impressum\/"]}]},{"@type":"BreadcrumbList","@id":"https:\/\/esc-buildinggroup.com\/impressum\/#breadcrumb","itemListElement":[{"@type":"ListItem","position":1,"name":"Startseite","item":"https:\/\/esc-buildinggroup.com\/"},{"@type":"ListItem","position":2,"name":"Impressum"}]},{"@type":"WebSite","@id":"https:\/\/esc-buildinggroup.com\/#website","url":"https:\/\/esc-buildinggroup.com\/","name":"The ESC Building Group","description":"Economic Sustainable Cubes","publisher":{"@id":"https:\/\/esc-buildinggroup.com\/#organization"},"potentialAction":[{"@type":"SearchAction","target":{"@type":"EntryPoint","urlTemplate":"https:\/\/esc-buildinggroup.com\/?s={search_term_string}"},"query-input":{"@type":"PropertyValueSpecification","valueRequired":true,"valueName":"search_term_string"}}],"inLanguage":"en-US"},{"@type":"Organization","@id":"https:\/\/esc-buildinggroup.com\/#organization","name":"The ESC Building Group","url":"https:\/\/esc-buildinggroup.com\/","logo":{"@type":"ImageObject","inLanguage":"en-US","@id":"https:\/\/esc-buildinggroup.com\/#\/schema\/logo\/image\/","url":"https:\/\/esc-buildinggroup.com\/wp-content\/uploads\/esc-logo-neu.svg","contentUrl":"https:\/\/esc-buildinggroup.com\/wp-content\/uploads\/esc-logo-neu.svg","width":71,"height":34,"caption":"ESC Bulding Group"},"image":{"@id":"https:\/\/esc-buildinggroup.com\/#\/schema\/logo\/image\/"}}]}},"_links":{"self":[{"href":"https:\/\/esc-buildinggroup.com\/en\/wp-json\/wp\/v2\/pages\/215","targetHints":{"allow":["GET"]}}],"collection":[{"href":"https:\/\/esc-buildinggroup.com\/en\/wp-json\/wp\/v2\/pages"}],"about":[{"href":"https:\/\/esc-buildinggroup.com\/en\/wp-json\/wp\/v2\/types\/page"}],"author":[{"embeddable":true,"href":"https:\/\/esc-buildinggroup.com\/en\/wp-json\/wp\/v2\/users\/1"}],"replies":[{"embeddable":true,"href":"https:\/\/esc-buildinggroup.com\/en\/wp-json\/wp\/v2\/comments?post=215"}],"version-history":[{"count":10,"href":"https:\/\/esc-buildinggroup.com\/en\/wp-json\/wp\/v2\/pages\/215\/revisions"}],"predecessor-version":[{"id":2864,"href":"https:\/\/esc-buildinggroup.com\/en\/wp-json\/wp\/v2\/pages\/215\/revisions\/2864"}],"wp:attachment":[{"href":"https:\/\/esc-buildinggroup.com\/en\/wp-json\/wp\/v2\/media?parent=215"}],"curies":[{"name":"wp","href":"https:\/\/api.w.org\/{rel}","templated":true}]}}